{"id":322,"date":"2023-08-16T14:43:51","date_gmt":"2023-08-16T12:43:51","guid":{"rendered":"https:\/\/atelier-cric-automata.com\/?page_id=322"},"modified":"2023-09-18T18:09:31","modified_gmt":"2023-09-18T16:09:31","slug":"mon-parcours","status":"publish","type":"page","link":"https:\/\/atelier-cric-automata.com\/index.php\/mon-parcours\/","title":{"rendered":"Mon parcours"},"content":{"rendered":"\n<div class=\"wp-block-uagb-advanced-heading uagb-block-6813c59c\"><h2 class=\"uagb-heading-text\">Mon parcours<\/h2><\/div>\n\n\n\n<div style=\"height:50px\" aria-hidden=\"true\" class=\"wp-block-spacer\"><\/div>\n\n\n\n<div class=\"wp-block-uagb-advanced-heading uagb-block-01b629f5\"><h4 class=\"uagb-heading-text\">Mon parcours est assez atypique&#8230;<\/h4><\/div>\n\n\n\n<div style=\"height:50px\" aria-hidden=\"true\" class=\"wp-block-spacer\"><\/div>\n\n\n\n<div class=\"wp-block-media-text has-media-on-the-right is-stacked-on-mobile\" style=\"grid-template-columns:auto 29%\"><div class=\"wp-block-media-text__content\">\n<p class=\"has-colibri-color-6-color has-text-color\">Depuis mon plus jeune \u00e2ge, en observant mon p\u00e8re tr\u00e8s bricoleur, j&#8217;ai toujours aim\u00e9 fabriquer des choses de mes mains et \u00e9t\u00e9 fascin\u00e9e par le monde du spectacle et de la danse. C&#8217;est pourquoi j&#8217;ai rapidement \u00e9prouv\u00e9 le d\u00e9sir d&#8217;exercer un m\u00e9tier manuel dans l&#8217;univers des Arts du Spectacle.<\/p>\n\n\n\n<p class=\"has-colibri-color-6-color has-text-color\">En 2006, j&#8217;ai obtenu une licence bidisciplinaire en Arts du Spectacle (Th\u00e9\u00e2tre\/Lettres Modernes). Puis, j&#8217;ai pass\u00e9 un CAP Couture Flou en un an pour me r\u00e9orienter dans un m\u00e9tier artisanal en 2007. Cela m&#8217;a permis d&#8217;avoir les bases de la confection sur mesure, la couture main et machine, le m\u00e9trage, le moulage sur mannequin, la patronage, et les diff\u00e9rentes mati\u00e8res.<\/p>\n\n\n\n<p class=\"has-colibri-color-6-color has-text-color\">Quelques mois apr\u00e8s, j&#8217;entrais dans la vie professionnelle au sein des Ateliers de fabrication du Mus\u00e9e des Automates de Lyon en tant que costumi\u00e8re d\u00e9coratrice. C&#8217;est l\u00e0 que, pendant pr\u00e8s de 15 ans, j&#8217;ai pu entretenir et restaurer la collection du Mus\u00e9e, mais \u00e9galement des automates et des marionnettes confi\u00e9s aux ateliers pour restauration. De plus, j&#8217;ai particip\u00e9 \u00e0 l&#8217;agrandissement de la collection en sculptant, modelant et moulant les t\u00eates et parties du corps de nouveaux personnages. Puis, j&#8217;ai continu\u00e9 \u00e0 r\u00e9aliser les costumes sur mesure, les accessoires, et les d\u00e9cors dans lesquels ils allaient \u00e9voluer. Le tout en respectant l&#8217;utilisation des techniques et mat\u00e9riaux d&#8217;origine de l&#8217;atelier datant de 1945. De fil en aiguille, j&#8217;ai acquis une sp\u00e9cialisation en couture machine et sur mesure, une connaissance des mati\u00e8res, de la sculpture et du modelage (plastiline, pl\u00e2tre, papier m\u00e2ch\u00e9, latex, silicone, r\u00e9sine) et peinture.<\/p>\n\n\n\n<p class=\"has-colibri-color-6-color has-text-color\">Aujourd&#8217;hui, une nouvelle aventure passionnante, cr\u00e9atrice et artisane, s&#8217;offre \u00e0 moi avec l&#8217;Atelier Cric Automata. Je propose mes services en tant que restauratrice de marionnettes et d&#8217;automates, cr\u00e9atrice de marionnettes, et animatrice d&#8217;ateliers autour de l&#8217;univers de la couture et des marionnettes.<\/p>\n<\/div><figure class=\"wp-block-media-text__media\"><img loading=\"lazy\" decoding=\"async\" width=\"860\" height=\"1024\" src=\"https:\/\/atelier-cric-automata.com\/wp-content\/uploads\/2023\/08\/photo-cv-V2-1-860x1024.jpg\" alt=\"\" class=\"wp-image-350 size-full\" srcset=\"https:\/\/atelier-cric-automata.com\/wp-content\/uploads\/2023\/08\/photo-cv-V2-1-860x1024.jpg 860w, https:\/\/atelier-cric-automata.com\/wp-content\/uploads\/2023\/08\/photo-cv-V2-1-252x300.jpg 252w, https:\/\/atelier-cric-automata.com\/wp-content\/uploads\/2023\/08\/photo-cv-V2-1-768x914.jpg 768w, https:\/\/atelier-cric-automata.com\/wp-content\/uploads\/2023\/08\/photo-cv-V2-1.jpg 882w\" sizes=\"auto, (max-width: 860px) 100vw, 860px\" \/><\/figure><\/div>\n\n\n\n<div class=\"wp-block-uagb-buttons uagb-buttons__outer-wrap uagb-btn__default-btn uagb-btn-tablet__default-btn uagb-btn-mobile__default-btn uagb-block-5f614976\"><div class=\"uagb-buttons__wrap uagb-buttons-layout-wrap\">\n<div class=\"wp-block-uagb-buttons-child uagb-buttons__outer-wrap uagb-block-69a61205 wp-block-button\"><div class=\"uagb-button__wrapper\"><a class=\"uagb-buttons-repeater wp-block-button__link\" href=\"https:\/\/atelier-cric-automata.com\/index.php\/mon-savoir-faire\/\" onclick=\"return true;\" rel=\"follow noopener\" target=\"_self\"><div class=\"uagb-button__link\">Mon savoir-faire<\/div><\/a><\/div><\/div>\n<\/div><\/div>\n\n\n\n<div style=\"height:50px\" aria-hidden=\"true\" class=\"wp-block-spacer\"><\/div>\n","protected":false},"excerpt":{"rendered":"<p>Mon parcours Mon parcours est assez atypique&#8230; Depuis mon plus jeune \u00e2ge, en observant mon p\u00e8re tr\u00e8s bricoleur, j&#8217;ai toujours aim\u00e9 fabriquer des choses de mes mains et \u00e9t\u00e9 fascin\u00e9e par le monde du spectacle et de la danse. C&#8217;est pourquoi j&#8217;ai rapidement \u00e9prouv\u00e9 le d\u00e9sir d&#8217;exercer un m\u00e9tier manuel dans l&#8217;univers des Arts du [&hellip;]<\/p>\n","protected":false},"author":1,"featured_media":0,"parent":0,"menu_order":0,"comment_status":"closed","ping_status":"closed","template":"","meta":{"_uag_custom_page_level_css":"","footnotes":""},"class_list":["post-322","page","type-page","status-publish","hentry"],"yoast_head":"<!-- This site is optimized with the Yoast SEO plugin v27.4 - https:\/\/yoast.com\/product\/yoast-seo-wordpress\/ -->\n<title>Mon parcours - Atelier Cric Automata<\/title>\n<meta name=\"description\" content=\"Mon parcours atypique : Costumi\u00e8re de formation, puis d\u00e9coratrice au sein d&#039;un atelier de fabrication d&#039;automates et enfin restauratrice\" \/>\n<meta name=\"robots\" content=\"index, follow, max-snippet:-1, max-image-preview:large, max-video-preview:-1\" \/>\n<link rel=\"canonical\" href=\"https:\/\/atelier-cric-automata.com\/index.php\/mon-parcours\/\" \/>\n<meta property=\"og:locale\" content=\"en_US\" \/>\n<meta property=\"og:type\" content=\"article\" \/>\n<meta property=\"og:title\" content=\"Mon parcours - Atelier Cric Automata\" \/>\n<meta property=\"og:description\" content=\"Mon parcours atypique : Costumi\u00e8re de formation, puis d\u00e9coratrice au sein d&#039;un atelier de fabrication d&#039;automates et enfin restauratrice\" \/>\n<meta property=\"og:url\" content=\"https:\/\/atelier-cric-automata.com\/index.php\/mon-parcours\/\" \/>\n<meta property=\"og:site_name\" content=\"Atelier Cric Automata\" \/>\n<meta property=\"article:modified_time\" content=\"2023-09-18T16:09:31+00:00\" \/>\n<meta property=\"og:image\" content=\"https:\/\/atelier-cric-automata.com\/wp-content\/uploads\/2023\/08\/photo-cv-V2-1-860x1024.jpg\" \/>\n<meta name=\"twitter:card\" content=\"summary_large_image\" \/>\n<meta name=\"twitter:label1\" content=\"Est. reading time\" \/>\n\t<meta name=\"twitter:data1\" content=\"2 minutes\" \/>\n<script type=\"application\/ld+json\" class=\"yoast-schema-graph\">{\"@context\":\"https:\\\/\\\/schema.org\",\"@graph\":[{\"@type\":\"WebPage\",\"@id\":\"https:\\\/\\\/atelier-cric-automata.com\\\/index.php\\\/mon-parcours\\\/\",\"url\":\"https:\\\/\\\/atelier-cric-automata.com\\\/index.php\\\/mon-parcours\\\/\",\"name\":\"Mon parcours - Atelier Cric Automata\",\"isPartOf\":{\"@id\":\"https:\\\/\\\/atelier-cric-automata.com\\\/#website\"},\"primaryImageOfPage\":{\"@id\":\"https:\\\/\\\/atelier-cric-automata.com\\\/index.php\\\/mon-parcours\\\/#primaryimage\"},\"image\":{\"@id\":\"https:\\\/\\\/atelier-cric-automata.com\\\/index.php\\\/mon-parcours\\\/#primaryimage\"},\"thumbnailUrl\":\"https:\\\/\\\/atelier-cric-automata.com\\\/wp-content\\\/uploads\\\/2023\\\/08\\\/photo-cv-V2-1-860x1024.jpg\",\"datePublished\":\"2023-08-16T12:43:51+00:00\",\"dateModified\":\"2023-09-18T16:09:31+00:00\",\"description\":\"Mon parcours atypique : Costumi\u00e8re de formation, puis d\u00e9coratrice au sein d'un atelier de fabrication d'automates et enfin restauratrice\",\"breadcrumb\":{\"@id\":\"https:\\\/\\\/atelier-cric-automata.com\\\/index.php\\\/mon-parcours\\\/#breadcrumb\"},\"inLanguage\":\"en-US\",\"potentialAction\":[{\"@type\":\"ReadAction\",\"target\":[\"https:\\\/\\\/atelier-cric-automata.com\\\/index.php\\\/mon-parcours\\\/\"]}]},{\"@type\":\"ImageObject\",\"inLanguage\":\"en-US\",\"@id\":\"https:\\\/\\\/atelier-cric-automata.com\\\/index.php\\\/mon-parcours\\\/#primaryimage\",\"url\":\"https:\\\/\\\/atelier-cric-automata.com\\\/wp-content\\\/uploads\\\/2023\\\/08\\\/photo-cv-V2-1-860x1024.jpg\",\"contentUrl\":\"https:\\\/\\\/atelier-cric-automata.com\\\/wp-content\\\/uploads\\\/2023\\\/08\\\/photo-cv-V2-1-860x1024.jpg\"},{\"@type\":\"BreadcrumbList\",\"@id\":\"https:\\\/\\\/atelier-cric-automata.com\\\/index.php\\\/mon-parcours\\\/#breadcrumb\",\"itemListElement\":[{\"@type\":\"ListItem\",\"position\":1,\"name\":\"Accueil\",\"item\":\"https:\\\/\\\/atelier-cric-automata.com\\\/\"},{\"@type\":\"ListItem\",\"position\":2,\"name\":\"Mon parcours\"}]},{\"@type\":\"WebSite\",\"@id\":\"https:\\\/\\\/atelier-cric-automata.com\\\/#website\",\"url\":\"https:\\\/\\\/atelier-cric-automata.com\\\/\",\"name\":\"Atelier Cric Automata\",\"description\":\"Restauration d&#039;automates et marionnettes\",\"publisher\":{\"@id\":\"https:\\\/\\\/atelier-cric-automata.com\\\/#organization\"},\"potentialAction\":[{\"@type\":\"SearchAction\",\"target\":{\"@type\":\"EntryPoint\",\"urlTemplate\":\"https:\\\/\\\/atelier-cric-automata.com\\\/?s={search_term_string}\"},\"query-input\":{\"@type\":\"PropertyValueSpecification\",\"valueRequired\":true,\"valueName\":\"search_term_string\"}}],\"inLanguage\":\"en-US\"},{\"@type\":\"Organization\",\"@id\":\"https:\\\/\\\/atelier-cric-automata.com\\\/#organization\",\"name\":\"Atelier Cric Automata\",\"url\":\"https:\\\/\\\/atelier-cric-automata.com\\\/\",\"logo\":{\"@type\":\"ImageObject\",\"inLanguage\":\"en-US\",\"@id\":\"https:\\\/\\\/atelier-cric-automata.com\\\/#\\\/schema\\\/logo\\\/image\\\/\",\"url\":\"https:\\\/\\\/atelier-cric-automata.com\\\/wp-content\\\/uploads\\\/2025\\\/02\\\/Logo-blanc-Test-2025-BLANC.png\",\"contentUrl\":\"https:\\\/\\\/atelier-cric-automata.com\\\/wp-content\\\/uploads\\\/2025\\\/02\\\/Logo-blanc-Test-2025-BLANC.png\",\"width\":2034,\"height\":763,\"caption\":\"Atelier Cric Automata\"},\"image\":{\"@id\":\"https:\\\/\\\/atelier-cric-automata.com\\\/#\\\/schema\\\/logo\\\/image\\\/\"}}]}<\/script>\n<!-- \/ Yoast SEO plugin. -->","yoast_head_json":{"title":"Mon parcours - Atelier Cric Automata","description":"Mon parcours atypique : Costumi\u00e8re de formation, puis d\u00e9coratrice au sein d'un atelier de fabrication d'automates et enfin restauratrice","robots":{"index":"index","follow":"follow","max-snippet":"max-snippet:-1","max-image-preview":"max-image-preview:large","max-video-preview":"max-video-preview:-1"},"canonical":"https:\/\/atelier-cric-automata.com\/index.php\/mon-parcours\/","og_locale":"en_US","og_type":"article","og_title":"Mon parcours - Atelier Cric Automata","og_description":"Mon parcours atypique : Costumi\u00e8re de formation, puis d\u00e9coratrice au sein d'un atelier de fabrication d'automates et enfin restauratrice","og_url":"https:\/\/atelier-cric-automata.com\/index.php\/mon-parcours\/","og_site_name":"Atelier Cric Automata","article_modified_time":"2023-09-18T16:09:31+00:00","og_image":[{"url":"https:\/\/atelier-cric-automata.com\/wp-content\/uploads\/2023\/08\/photo-cv-V2-1-860x1024.jpg","type":"","width":"","height":""}],"twitter_card":"summary_large_image","twitter_misc":{"Est. reading time":"2 minutes"},"schema":{"@context":"https:\/\/schema.org","@graph":[{"@type":"WebPage","@id":"https:\/\/atelier-cric-automata.com\/index.php\/mon-parcours\/","url":"https:\/\/atelier-cric-automata.com\/index.php\/mon-parcours\/","name":"Mon parcours - Atelier Cric Automata","isPartOf":{"@id":"https:\/\/atelier-cric-automata.com\/#website"},"primaryImageOfPage":{"@id":"https:\/\/atelier-cric-automata.com\/index.php\/mon-parcours\/#primaryimage"},"image":{"@id":"https:\/\/atelier-cric-automata.com\/index.php\/mon-parcours\/#primaryimage"},"thumbnailUrl":"https:\/\/atelier-cric-automata.com\/wp-content\/uploads\/2023\/08\/photo-cv-V2-1-860x1024.jpg","datePublished":"2023-08-16T12:43:51+00:00","dateModified":"2023-09-18T16:09:31+00:00","description":"Mon parcours atypique : Costumi\u00e8re de formation, puis d\u00e9coratrice au sein d'un atelier de fabrication d'automates et enfin restauratrice","breadcrumb":{"@id":"https:\/\/atelier-cric-automata.com\/index.php\/mon-parcours\/#breadcrumb"},"inLanguage":"en-US","potentialAction":[{"@type":"ReadAction","target":["https:\/\/atelier-cric-automata.com\/index.php\/mon-parcours\/"]}]},{"@type":"ImageObject","inLanguage":"en-US","@id":"https:\/\/atelier-cric-automata.com\/index.php\/mon-parcours\/#primaryimage","url":"https:\/\/atelier-cric-automata.com\/wp-content\/uploads\/2023\/08\/photo-cv-V2-1-860x1024.jpg","contentUrl":"https:\/\/atelier-cric-automata.com\/wp-content\/uploads\/2023\/08\/photo-cv-V2-1-860x1024.jpg"},{"@type":"BreadcrumbList","@id":"https:\/\/atelier-cric-automata.com\/index.php\/mon-parcours\/#breadcrumb","itemListElement":[{"@type":"ListItem","position":1,"name":"Accueil","item":"https:\/\/atelier-cric-automata.com\/"},{"@type":"ListItem","position":2,"name":"Mon parcours"}]},{"@type":"WebSite","@id":"https:\/\/atelier-cric-automata.com\/#website","url":"https:\/\/atelier-cric-automata.com\/","name":"Atelier Cric Automata","description":"Restauration d&#039;automates et marionnettes","publisher":{"@id":"https:\/\/atelier-cric-automata.com\/#organization"},"potentialAction":[{"@type":"SearchAction","target":{"@type":"EntryPoint","urlTemplate":"https:\/\/atelier-cric-automata.com\/?s={search_term_string}"},"query-input":{"@type":"PropertyValueSpecification","valueRequired":true,"valueName":"search_term_string"}}],"inLanguage":"en-US"},{"@type":"Organization","@id":"https:\/\/atelier-cric-automata.com\/#organization","name":"Atelier Cric Automata","url":"https:\/\/atelier-cric-automata.com\/","logo":{"@type":"ImageObject","inLanguage":"en-US","@id":"https:\/\/atelier-cric-automata.com\/#\/schema\/logo\/image\/","url":"https:\/\/atelier-cric-automata.com\/wp-content\/uploads\/2025\/02\/Logo-blanc-Test-2025-BLANC.png","contentUrl":"https:\/\/atelier-cric-automata.com\/wp-content\/uploads\/2025\/02\/Logo-blanc-Test-2025-BLANC.png","width":2034,"height":763,"caption":"Atelier Cric Automata"},"image":{"@id":"https:\/\/atelier-cric-automata.com\/#\/schema\/logo\/image\/"}}]}},"uagb_featured_image_src":{"full":false,"thumbnail":false,"medium":false,"medium_large":false,"large":false,"1536x1536":false,"2048x2048":false},"uagb_author_info":{"display_name":"admin6393","author_link":"https:\/\/atelier-cric-automata.com\/index.php\/author\/admin6393\/"},"uagb_comment_info":0,"uagb_excerpt":"Mon parcours Mon parcours est assez atypique&#8230; Depuis mon plus jeune \u00e2ge, en observant mon p\u00e8re tr\u00e8s bricoleur, j&#8217;ai toujours aim\u00e9 fabriquer des choses de mes mains et \u00e9t\u00e9 fascin\u00e9e par le monde du spectacle et de la danse. C&#8217;est pourquoi j&#8217;ai rapidement \u00e9prouv\u00e9 le d\u00e9sir d&#8217;exercer un m\u00e9tier manuel dans l&#8217;univers des Arts du&hellip;","_links":{"self":[{"href":"https:\/\/atelier-cric-automata.com\/index.php\/wp-json\/wp\/v2\/pages\/322","targetHints":{"allow":["GET"]}}],"collection":[{"href":"https:\/\/atelier-cric-automata.com\/index.php\/wp-json\/wp\/v2\/pages"}],"about":[{"href":"https:\/\/atelier-cric-automata.com\/index.php\/wp-json\/wp\/v2\/types\/page"}],"author":[{"embeddable":true,"href":"https:\/\/atelier-cric-automata.com\/index.php\/wp-json\/wp\/v2\/users\/1"}],"replies":[{"embeddable":true,"href":"https:\/\/atelier-cric-automata.com\/index.php\/wp-json\/wp\/v2\/comments?post=322"}],"version-history":[{"count":32,"href":"https:\/\/atelier-cric-automata.com\/index.php\/wp-json\/wp\/v2\/pages\/322\/revisions"}],"predecessor-version":[{"id":3476,"href":"https:\/\/atelier-cric-automata.com\/index.php\/wp-json\/wp\/v2\/pages\/322\/revisions\/3476"}],"wp:attachment":[{"href":"https:\/\/atelier-cric-automata.com\/index.php\/wp-json\/wp\/v2\/media?parent=322"}],"curies":[{"name":"wp","href":"https:\/\/api.w.org\/{rel}","templated":true}]}}