{"id":332,"date":"2023-08-16T14:46:00","date_gmt":"2023-08-16T12:46:00","guid":{"rendered":"https:\/\/atelier-cric-automata.com\/?page_id=332"},"modified":"2025-01-12T16:51:31","modified_gmt":"2025-01-12T15:51:31","slug":"galerie-photos","status":"publish","type":"page","link":"https:\/\/atelier-cric-automata.com\/index.php\/galerie-photos\/","title":{"rendered":"Galerie photos"},"content":{"rendered":"\n<div class=\"wp-block-uagb-advanced-heading uagb-block-28743369\"><h2 class=\"uagb-heading-text\">Galerie photos de mes cr\u00e9ations<\/h2><\/div>\n\n\n\n<div style=\"height:50px\" aria-hidden=\"true\" class=\"wp-block-spacer\"><\/div>\n\n\n\n<p class=\"has-colibri-color-6-color has-text-color has-link-color wp-elements-1208a017af961ddceb008bf1c1d892e0\">Cette galerie photos permet d&#8217;avoir un aper\u00e7u, non exhaustif, de mes cr\u00e9ations : marionnettes, marottes, d\u00e9cors&#8230; Chaque cr\u00e9ation peut n\u00e9cessiter entre 2h et 30h de travail, et est enti\u00e8rement r\u00e9alis\u00e9e dans mon atelier de fabrication, \u00e0 Lyon.<\/p>\n\n\n\n<div style=\"height:50px\" aria-hidden=\"true\" class=\"wp-block-spacer\"><\/div>\n\n\n\n<div class=\"wp-block-columns is-layout-flex wp-container-core-columns-is-layout-9d6595d7 wp-block-columns-is-layout-flex\">\n<div class=\"wp-block-column is-layout-flow wp-block-column-is-layout-flow\">\n<div class=\"wp-block-uagb-image uagb-block-fe47a6a4 wp-block-uagb-image--layout-default wp-block-uagb-image--effect-static wp-block-uagb-image--align-none\"><figure class=\"wp-block-uagb-image__figure\"><img decoding=\"async\" srcset=\"https:\/\/atelier-cric-automata.com\/wp-content\/uploads\/2023\/08\/cropped-cropped-Accueil-Galerie-Photos-Polichinelle.png \" sizes=\"auto, (max-width: 480px) 150px\" src=\"https:\/\/atelier-cric-automata.com\/wp-content\/uploads\/2023\/08\/cropped-cropped-Accueil-Galerie-Photos-Polichinelle.png\" alt=\"Cr\u00e9ations : marionnette Polichinelle\" class=\"uag-image-495\" width=\"699\" height=\"699\" title=\"\" loading=\"lazy\" role=\"img\"\/><figcaption class=\"uagb-image-caption\"><strong>Polichinelle<\/strong><br>Marionnette \u00e0 gaine. Les mains<br>et la t\u00eate sont en latex.<br>15h de travail.<\/figcaption><\/figure><\/div>\n<\/div>\n\n\n\n<div class=\"wp-block-column is-layout-flow wp-block-column-is-layout-flow\">\n<div class=\"wp-block-uagb-image uagb-block-048d5243 wp-block-uagb-image--layout-default wp-block-uagb-image--effect-static wp-block-uagb-image--align-none\"><figure class=\"wp-block-uagb-image__figure\"><img decoding=\"async\" srcset=\"https:\/\/atelier-cric-automata.com\/wp-content\/uploads\/2023\/08\/Creations-decors-1024x1024.jpg \" sizes=\"auto, (max-width: 480px) 150px\" src=\"https:\/\/atelier-cric-automata.com\/wp-content\/uploads\/2023\/08\/Creations-decors-1024x1024.jpg\" alt=\"D\u00e9cors du Caf\u00e9 du Soleil\" class=\"uag-image-917\" width=\"1250\" height=\"1054\" title=\"\" loading=\"lazy\" role=\"img\"\/><figcaption class=\"uagb-image-caption\"><strong>Le Caf\u00e9 du Soleil<\/strong><br>D\u00e9cor r\u00e9alis\u00e9 pour un spectacle<br>de marionnette de Guignol.<br>Dim. 100x70cm. 2h30 de travail.<\/figcaption><\/figure><\/div>\n<\/div>\n\n\n\n<div class=\"wp-block-column is-layout-flow wp-block-column-is-layout-flow\">\n<div class=\"wp-block-uagb-image uagb-block-64145028 wp-block-uagb-image--layout-default wp-block-uagb-image--effect-static wp-block-uagb-image--align-none\"><figure class=\"wp-block-uagb-image__figure\"><img decoding=\"async\" srcset=\"https:\/\/atelier-cric-automata.com\/wp-content\/uploads\/2023\/08\/cropped-cropped-Accueil-Galerie-Photos-Papageno.jpg \" sizes=\"auto, (max-width: 480px) 150px\" src=\"https:\/\/atelier-cric-automata.com\/wp-content\/uploads\/2023\/08\/cropped-cropped-Accueil-Galerie-Photos-Papageno.jpg\" alt=\"Automate Papageno\" class=\"uag-image-497\" width=\"718\" height=\"718\" title=\"\" loading=\"lazy\" role=\"img\"\/><figcaption class=\"uagb-image-caption\"><strong>Papageno<\/strong><br>Costume et t\u00eate r\u00e9alis\u00e9s pour un automate \u00e9lectro-m\u00e9canique.<br>10h de travail.<\/figcaption><\/figure><\/div>\n<\/div>\n<\/div>\n\n\n\n<div style=\"height:20px\" aria-hidden=\"true\" class=\"wp-block-spacer\"><\/div>\n\n\n\n<div class=\"wp-block-columns is-layout-flex wp-container-core-columns-is-layout-9d6595d7 wp-block-columns-is-layout-flex\">\n<div class=\"wp-block-column is-layout-flow wp-block-column-is-layout-flow\">\n<div class=\"wp-block-uagb-image aligncenter uagb-block-2e98ddab wp-block-uagb-image--layout-default wp-block-uagb-image--effect-static wp-block-uagb-image--align-center\"><figure class=\"wp-block-uagb-image__figure\"><img decoding=\"async\" srcset=\"https:\/\/atelier-cric-automata.com\/wp-content\/uploads\/2023\/09\/Creations-Pulcinelli-1024x1024.jpg \" sizes=\"auto, (max-width: 480px) 150px\" src=\"https:\/\/atelier-cric-automata.com\/wp-content\/uploads\/2023\/09\/Creations-Pulcinelli-1024x1024.jpg\" alt=\"Marionnette Pulcinella\" class=\"uag-image-3066\" width=\"1024\" height=\"1024\" title=\"\" loading=\"lazy\" role=\"img\"\/><figcaption class=\"uagb-image-caption\"><strong>Pulcinella<\/strong><br>Marionnette \u00e0 gaine en r\u00e9sine polyur\u00e9thane. Hauteur 70cm. 15h de travail.<\/figcaption><\/figure><\/div>\n<\/div>\n\n\n\n<div class=\"wp-block-column is-layout-flow wp-block-column-is-layout-flow\">\n<div class=\"wp-block-uagb-image aligncenter uagb-block-1ef0b44c wp-block-uagb-image--layout-default wp-block-uagb-image--effect-static wp-block-uagb-image--align-center\"><figure class=\"wp-block-uagb-image__figure\"><img decoding=\"async\" srcset=\"https:\/\/atelier-cric-automata.com\/wp-content\/uploads\/2023\/08\/Creation-marionnette-recyclage-1024x1024.webp \" sizes=\"auto, (max-width: 480px) 150px\" src=\"https:\/\/atelier-cric-automata.com\/wp-content\/uploads\/2023\/08\/Creation-marionnette-recyclage-1024x1024.webp\" alt=\"Cr\u00e9ations : marionnette conteuse\" class=\"uag-image-1381\" width=\"1024\" height=\"1024\" title=\"\" loading=\"lazy\" role=\"img\"\/><figcaption class=\"uagb-image-caption\"><strong>La conteuse d&#8217;histoire<\/strong><br>Marionnette enti\u00e8rement faite<br>en objets recycl\u00e9s. 12h de travail.<\/figcaption><\/figure><\/div>\n<\/div>\n\n\n\n<div class=\"wp-block-column is-layout-flow wp-block-column-is-layout-flow\">\n<div class=\"wp-block-uagb-image aligncenter uagb-block-e90d3aad wp-block-uagb-image--layout-default wp-block-uagb-image--effect-static wp-block-uagb-image--align-center\"><figure class=\"wp-block-uagb-image__figure\"><img decoding=\"async\" srcset=\"https:\/\/atelier-cric-automata.com\/wp-content\/uploads\/2023\/09\/Creations-Sculpture-tete-polichinelle-1024x1024.jpg \" sizes=\"auto, (max-width: 480px) 150px\" src=\"https:\/\/atelier-cric-automata.com\/wp-content\/uploads\/2023\/09\/Creations-Sculpture-tete-polichinelle-1024x1024.jpg\" alt=\"Cr\u00e9ations : Sculpture en plastiline\" class=\"uag-image-2455\" width=\"1024\" height=\"1024\" title=\"\" loading=\"lazy\" role=\"img\"\/><figcaption class=\"uagb-image-caption\"><strong>T\u00eate de marionnette<\/strong><br>Sculpture en plastiline, pr\u00e9paration \u00e0 la fabrication d&#8217;un moule. 5h de travail.<\/figcaption><\/figure><\/div>\n<\/div>\n<\/div>\n\n\n\n<div style=\"height:20px\" aria-hidden=\"true\" class=\"wp-block-spacer\"><\/div>\n\n\n\n<div class=\"wp-block-columns is-layout-flex wp-container-core-columns-is-layout-9d6595d7 wp-block-columns-is-layout-flex\">\n<div class=\"wp-block-column is-layout-flow wp-block-column-is-layout-flow\">\n<div class=\"wp-block-uagb-image uagb-block-e84edb29 wp-block-uagb-image--layout-default wp-block-uagb-image--effect-static wp-block-uagb-image--align-none\"><figure class=\"wp-block-uagb-image__figure\"><img decoding=\"async\" srcset=\"https:\/\/atelier-cric-automata.com\/wp-content\/uploads\/2024\/07\/Creation-3-gones-1024x1024.jpg ,https:\/\/atelier-cric-automata.com\/wp-content\/uploads\/2024\/07\/Creation-3-gones.jpg 780w, https:\/\/atelier-cric-automata.com\/wp-content\/uploads\/2024\/07\/Creation-3-gones.jpg 360w\" sizes=\"auto, (max-width: 480px) 150px\" src=\"https:\/\/atelier-cric-automata.com\/wp-content\/uploads\/2024\/07\/Creation-3-gones-1024x1024.jpg\" alt=\"Marotte Guignol, Gnafron et Gendarme\" class=\"uag-image-3874\" width=\"1024\" height=\"1024\" title=\"Cr\u00e9ation 3 gones\" loading=\"lazy\" role=\"img\"\/><figcaption class=\"uagb-image-caption\"><strong>Les Trois Gones<\/strong><br>Marottes de Guignol, Gnafron et du Gendarme. Hauteur 40 cm. 18h30 de travail.<\/figcaption><\/figure><\/div>\n<\/div>\n\n\n\n<div class=\"wp-block-column is-layout-flow wp-block-column-is-layout-flow\">\n<div class=\"wp-block-uagb-image aligncenter uagb-block-4e0ad52a wp-block-uagb-image--layout-default wp-block-uagb-image--effect-static wp-block-uagb-image--align-center\"><figure class=\"wp-block-uagb-image__figure\"><img decoding=\"async\" srcset=\"https:\/\/atelier-cric-automata.com\/wp-content\/uploads\/2024\/07\/Creation-Frida-1.jpg ,https:\/\/atelier-cric-automata.com\/wp-content\/uploads\/2024\/07\/Creation-Frida-1.jpg 780w, https:\/\/atelier-cric-automata.com\/wp-content\/uploads\/2024\/07\/Creation-Frida-1.jpg 360w\" sizes=\"auto, (max-width: 480px) 150px\" src=\"https:\/\/atelier-cric-automata.com\/wp-content\/uploads\/2024\/07\/Creation-Frida-1.jpg\" alt=\"Marotte Frida\" class=\"uag-image-3864\" width=\"638\" height=\"850\" title=\"Cr\u00e9ation Frida\" loading=\"lazy\" role=\"img\"\/><figcaption class=\"uagb-image-caption\"><strong>Hommage \u00e0 Frida Kalho<\/strong><br>T\u00eate en argile polym\u00e8re et tissus de recyclage. Marotte de 40cm. 8h de travail.<\/figcaption><\/figure><\/div>\n<\/div>\n\n\n\n<div class=\"wp-block-column is-layout-flow wp-block-column-is-layout-flow\">\n<div class=\"wp-block-uagb-image aligncenter uagb-block-01503ebe wp-block-uagb-image--layout-default wp-block-uagb-image--effect-static wp-block-uagb-image--align-center\"><figure class=\"wp-block-uagb-image__figure\"><img decoding=\"async\" srcset=\"https:\/\/atelier-cric-automata.com\/wp-content\/uploads\/2024\/07\/Leviathan-entier.jpg ,https:\/\/atelier-cric-automata.com\/wp-content\/uploads\/2024\/07\/Leviathan-entier.jpg 780w, https:\/\/atelier-cric-automata.com\/wp-content\/uploads\/2024\/07\/Leviathan-entier.jpg 360w\" sizes=\"auto, (max-width: 480px) 150px\" src=\"https:\/\/atelier-cric-automata.com\/wp-content\/uploads\/2024\/07\/Leviathan-entier.jpg\" alt=\"Le Leviathan\" class=\"uag-image-3852\" width=\"862\" height=\"862\" title=\"Leviathan entier\" loading=\"lazy\" role=\"img\"\/><figcaption class=\"uagb-image-caption\"><strong>Le L\u00e9viathan, Marotte \u00e0 deux manches<\/strong><br>Argile polym\u00e8re pour la t\u00eate et cuir pour le corps. 57 cm. 6h de travail.<\/figcaption><\/figure><\/div>\n<\/div>\n<\/div>\n\n\n\n<div style=\"height:50px\" aria-hidden=\"true\" class=\"wp-block-spacer\"><\/div>\n\n\n\n<div class=\"wp-block-uagb-buttons uagb-buttons__outer-wrap uagb-btn__default-btn uagb-btn-tablet__default-btn uagb-btn-mobile__default-btn uagb-block-41bcdfb3\"><div class=\"uagb-buttons__wrap uagb-buttons-layout-wrap \">\n<div class=\"wp-block-uagb-buttons-child uagb-buttons__outer-wrap uagb-block-7f99c643 wp-block-button\"><div class=\"uagb-button__wrapper\"><a class=\"uagb-buttons-repeater wp-block-button__link\" aria-label=\"\" href=\"https:\/\/atelier-cric-automata.com\/index.php\/marionnettes-en-vente\/\" rel=\"follow noopener\" target=\"_self\" role=\"button\"><div class=\"uagb-button__link\">Voir les marionnettes en vente<\/div><\/a><\/div><\/div>\n<\/div><\/div>\n\n\n\n<div style=\"height:50px\" aria-hidden=\"true\" class=\"wp-block-spacer\"><\/div>\n","protected":false},"excerpt":{"rendered":"<p>Galerie photos de mes cr\u00e9ations Cette galerie photos permet d&#8217;avoir un aper\u00e7u, non exhaustif, de mes cr\u00e9ations : marionnettes, marottes, d\u00e9cors&#8230; Chaque cr\u00e9ation peut n\u00e9cessiter entre 2h et 30h de travail, et est enti\u00e8rement r\u00e9alis\u00e9e dans mon atelier de fabrication, \u00e0 Lyon.<\/p>\n","protected":false},"author":1,"featured_media":0,"parent":0,"menu_order":0,"comment_status":"closed","ping_status":"closed","template":"","meta":{"_uag_custom_page_level_css":"","footnotes":""},"class_list":["post-332","page","type-page","status-publish","hentry"],"yoast_head":"<!-- This site is optimized with the Yoast SEO plugin v27.4 - https:\/\/yoast.com\/product\/yoast-seo-wordpress\/ -->\n<title>Galerie photos - Atelier Cric Automata<\/title>\n<meta name=\"description\" content=\"Aper\u00e7u des mes cr\u00e9ations avec une galerie photos de marionnettes, marottes, d\u00e9cors... r\u00e9alis\u00e9s dans mon atelier.\" \/>\n<meta name=\"robots\" content=\"index, follow, max-snippet:-1, max-image-preview:large, max-video-preview:-1\" \/>\n<link rel=\"canonical\" href=\"https:\/\/atelier-cric-automata.com\/index.php\/galerie-photos\/\" \/>\n<meta property=\"og:locale\" content=\"en_US\" \/>\n<meta property=\"og:type\" content=\"article\" \/>\n<meta property=\"og:title\" content=\"Galerie photos - Atelier Cric Automata\" \/>\n<meta property=\"og:description\" content=\"Aper\u00e7u des mes cr\u00e9ations avec une galerie photos de marionnettes, marottes, d\u00e9cors... r\u00e9alis\u00e9s dans mon atelier.\" \/>\n<meta property=\"og:url\" content=\"https:\/\/atelier-cric-automata.com\/index.php\/galerie-photos\/\" \/>\n<meta property=\"og:site_name\" content=\"Atelier Cric Automata\" \/>\n<meta property=\"article:modified_time\" content=\"2025-01-12T15:51:31+00:00\" \/>\n<meta property=\"og:image\" content=\"https:\/\/atelier-cric-automata.com\/wp-content\/uploads\/2023\/08\/cropped-cropped-Accueil-Galerie-Photos-Polichinelle.png\" \/>\n<meta name=\"twitter:card\" content=\"summary_large_image\" \/>\n<meta name=\"twitter:label1\" content=\"Est. reading time\" \/>\n\t<meta name=\"twitter:data1\" content=\"3 minutes\" \/>\n<script type=\"application\/ld+json\" class=\"yoast-schema-graph\">{\"@context\":\"https:\\\/\\\/schema.org\",\"@graph\":[{\"@type\":\"WebPage\",\"@id\":\"https:\\\/\\\/atelier-cric-automata.com\\\/index.php\\\/galerie-photos\\\/\",\"url\":\"https:\\\/\\\/atelier-cric-automata.com\\\/index.php\\\/galerie-photos\\\/\",\"name\":\"Galerie photos - Atelier Cric Automata\",\"isPartOf\":{\"@id\":\"https:\\\/\\\/atelier-cric-automata.com\\\/#website\"},\"primaryImageOfPage\":{\"@id\":\"https:\\\/\\\/atelier-cric-automata.com\\\/index.php\\\/galerie-photos\\\/#primaryimage\"},\"image\":{\"@id\":\"https:\\\/\\\/atelier-cric-automata.com\\\/index.php\\\/galerie-photos\\\/#primaryimage\"},\"thumbnailUrl\":\"https:\\\/\\\/atelier-cric-automata.com\\\/wp-content\\\/uploads\\\/2023\\\/08\\\/cropped-cropped-Accueil-Galerie-Photos-Polichinelle.png\",\"datePublished\":\"2023-08-16T12:46:00+00:00\",\"dateModified\":\"2025-01-12T15:51:31+00:00\",\"description\":\"Aper\u00e7u des mes cr\u00e9ations avec une galerie photos de marionnettes, marottes, d\u00e9cors... r\u00e9alis\u00e9s dans mon atelier.\",\"breadcrumb\":{\"@id\":\"https:\\\/\\\/atelier-cric-automata.com\\\/index.php\\\/galerie-photos\\\/#breadcrumb\"},\"inLanguage\":\"en-US\",\"potentialAction\":[{\"@type\":\"ReadAction\",\"target\":[\"https:\\\/\\\/atelier-cric-automata.com\\\/index.php\\\/galerie-photos\\\/\"]}]},{\"@type\":\"ImageObject\",\"inLanguage\":\"en-US\",\"@id\":\"https:\\\/\\\/atelier-cric-automata.com\\\/index.php\\\/galerie-photos\\\/#primaryimage\",\"url\":\"https:\\\/\\\/atelier-cric-automata.com\\\/wp-content\\\/uploads\\\/2023\\\/08\\\/cropped-cropped-Accueil-Galerie-Photos-Polichinelle.png\",\"contentUrl\":\"https:\\\/\\\/atelier-cric-automata.com\\\/wp-content\\\/uploads\\\/2023\\\/08\\\/cropped-cropped-Accueil-Galerie-Photos-Polichinelle.png\"},{\"@type\":\"BreadcrumbList\",\"@id\":\"https:\\\/\\\/atelier-cric-automata.com\\\/index.php\\\/galerie-photos\\\/#breadcrumb\",\"itemListElement\":[{\"@type\":\"ListItem\",\"position\":1,\"name\":\"Accueil\",\"item\":\"https:\\\/\\\/atelier-cric-automata.com\\\/\"},{\"@type\":\"ListItem\",\"position\":2,\"name\":\"Galerie photos\"}]},{\"@type\":\"WebSite\",\"@id\":\"https:\\\/\\\/atelier-cric-automata.com\\\/#website\",\"url\":\"https:\\\/\\\/atelier-cric-automata.com\\\/\",\"name\":\"Atelier Cric Automata\",\"description\":\"Restauration d&#039;automates et marionnettes\",\"publisher\":{\"@id\":\"https:\\\/\\\/atelier-cric-automata.com\\\/#organization\"},\"potentialAction\":[{\"@type\":\"SearchAction\",\"target\":{\"@type\":\"EntryPoint\",\"urlTemplate\":\"https:\\\/\\\/atelier-cric-automata.com\\\/?s={search_term_string}\"},\"query-input\":{\"@type\":\"PropertyValueSpecification\",\"valueRequired\":true,\"valueName\":\"search_term_string\"}}],\"inLanguage\":\"en-US\"},{\"@type\":\"Organization\",\"@id\":\"https:\\\/\\\/atelier-cric-automata.com\\\/#organization\",\"name\":\"Atelier Cric Automata\",\"url\":\"https:\\\/\\\/atelier-cric-automata.com\\\/\",\"logo\":{\"@type\":\"ImageObject\",\"inLanguage\":\"en-US\",\"@id\":\"https:\\\/\\\/atelier-cric-automata.com\\\/#\\\/schema\\\/logo\\\/image\\\/\",\"url\":\"https:\\\/\\\/atelier-cric-automata.com\\\/wp-content\\\/uploads\\\/2025\\\/02\\\/Logo-blanc-Test-2025-BLANC.png\",\"contentUrl\":\"https:\\\/\\\/atelier-cric-automata.com\\\/wp-content\\\/uploads\\\/2025\\\/02\\\/Logo-blanc-Test-2025-BLANC.png\",\"width\":2034,\"height\":763,\"caption\":\"Atelier Cric Automata\"},\"image\":{\"@id\":\"https:\\\/\\\/atelier-cric-automata.com\\\/#\\\/schema\\\/logo\\\/image\\\/\"}}]}<\/script>\n<!-- \/ Yoast SEO plugin. -->","yoast_head_json":{"title":"Galerie photos - Atelier Cric Automata","description":"Aper\u00e7u des mes cr\u00e9ations avec une galerie photos de marionnettes, marottes, d\u00e9cors... r\u00e9alis\u00e9s dans mon atelier.","robots":{"index":"index","follow":"follow","max-snippet":"max-snippet:-1","max-image-preview":"max-image-preview:large","max-video-preview":"max-video-preview:-1"},"canonical":"https:\/\/atelier-cric-automata.com\/index.php\/galerie-photos\/","og_locale":"en_US","og_type":"article","og_title":"Galerie photos - Atelier Cric Automata","og_description":"Aper\u00e7u des mes cr\u00e9ations avec une galerie photos de marionnettes, marottes, d\u00e9cors... r\u00e9alis\u00e9s dans mon atelier.","og_url":"https:\/\/atelier-cric-automata.com\/index.php\/galerie-photos\/","og_site_name":"Atelier Cric Automata","article_modified_time":"2025-01-12T15:51:31+00:00","og_image":[{"url":"https:\/\/atelier-cric-automata.com\/wp-content\/uploads\/2023\/08\/cropped-cropped-Accueil-Galerie-Photos-Polichinelle.png","type":"","width":"","height":""}],"twitter_card":"summary_large_image","twitter_misc":{"Est. reading time":"3 minutes"},"schema":{"@context":"https:\/\/schema.org","@graph":[{"@type":"WebPage","@id":"https:\/\/atelier-cric-automata.com\/index.php\/galerie-photos\/","url":"https:\/\/atelier-cric-automata.com\/index.php\/galerie-photos\/","name":"Galerie photos - Atelier Cric Automata","isPartOf":{"@id":"https:\/\/atelier-cric-automata.com\/#website"},"primaryImageOfPage":{"@id":"https:\/\/atelier-cric-automata.com\/index.php\/galerie-photos\/#primaryimage"},"image":{"@id":"https:\/\/atelier-cric-automata.com\/index.php\/galerie-photos\/#primaryimage"},"thumbnailUrl":"https:\/\/atelier-cric-automata.com\/wp-content\/uploads\/2023\/08\/cropped-cropped-Accueil-Galerie-Photos-Polichinelle.png","datePublished":"2023-08-16T12:46:00+00:00","dateModified":"2025-01-12T15:51:31+00:00","description":"Aper\u00e7u des mes cr\u00e9ations avec une galerie photos de marionnettes, marottes, d\u00e9cors... r\u00e9alis\u00e9s dans mon atelier.","breadcrumb":{"@id":"https:\/\/atelier-cric-automata.com\/index.php\/galerie-photos\/#breadcrumb"},"inLanguage":"en-US","potentialAction":[{"@type":"ReadAction","target":["https:\/\/atelier-cric-automata.com\/index.php\/galerie-photos\/"]}]},{"@type":"ImageObject","inLanguage":"en-US","@id":"https:\/\/atelier-cric-automata.com\/index.php\/galerie-photos\/#primaryimage","url":"https:\/\/atelier-cric-automata.com\/wp-content\/uploads\/2023\/08\/cropped-cropped-Accueil-Galerie-Photos-Polichinelle.png","contentUrl":"https:\/\/atelier-cric-automata.com\/wp-content\/uploads\/2023\/08\/cropped-cropped-Accueil-Galerie-Photos-Polichinelle.png"},{"@type":"BreadcrumbList","@id":"https:\/\/atelier-cric-automata.com\/index.php\/galerie-photos\/#breadcrumb","itemListElement":[{"@type":"ListItem","position":1,"name":"Accueil","item":"https:\/\/atelier-cric-automata.com\/"},{"@type":"ListItem","position":2,"name":"Galerie photos"}]},{"@type":"WebSite","@id":"https:\/\/atelier-cric-automata.com\/#website","url":"https:\/\/atelier-cric-automata.com\/","name":"Atelier Cric Automata","description":"Restauration d&#039;automates et marionnettes","publisher":{"@id":"https:\/\/atelier-cric-automata.com\/#organization"},"potentialAction":[{"@type":"SearchAction","target":{"@type":"EntryPoint","urlTemplate":"https:\/\/atelier-cric-automata.com\/?s={search_term_string}"},"query-input":{"@type":"PropertyValueSpecification","valueRequired":true,"valueName":"search_term_string"}}],"inLanguage":"en-US"},{"@type":"Organization","@id":"https:\/\/atelier-cric-automata.com\/#organization","name":"Atelier Cric Automata","url":"https:\/\/atelier-cric-automata.com\/","logo":{"@type":"ImageObject","inLanguage":"en-US","@id":"https:\/\/atelier-cric-automata.com\/#\/schema\/logo\/image\/","url":"https:\/\/atelier-cric-automata.com\/wp-content\/uploads\/2025\/02\/Logo-blanc-Test-2025-BLANC.png","contentUrl":"https:\/\/atelier-cric-automata.com\/wp-content\/uploads\/2025\/02\/Logo-blanc-Test-2025-BLANC.png","width":2034,"height":763,"caption":"Atelier Cric Automata"},"image":{"@id":"https:\/\/atelier-cric-automata.com\/#\/schema\/logo\/image\/"}}]}},"uagb_featured_image_src":{"full":false,"thumbnail":false,"medium":false,"medium_large":false,"large":false,"1536x1536":false,"2048x2048":false},"uagb_author_info":{"display_name":"admin6393","author_link":"https:\/\/atelier-cric-automata.com\/index.php\/author\/admin6393\/"},"uagb_comment_info":0,"uagb_excerpt":"Galerie photos de mes cr\u00e9ations Cette galerie photos permet d&#8217;avoir un aper\u00e7u, non exhaustif, de mes cr\u00e9ations : marionnettes, marottes, d\u00e9cors&#8230; Chaque cr\u00e9ation peut n\u00e9cessiter entre 2h et 30h de travail, et est enti\u00e8rement r\u00e9alis\u00e9e dans mon atelier de fabrication, \u00e0 Lyon.","_links":{"self":[{"href":"https:\/\/atelier-cric-automata.com\/index.php\/wp-json\/wp\/v2\/pages\/332","targetHints":{"allow":["GET"]}}],"collection":[{"href":"https:\/\/atelier-cric-automata.com\/index.php\/wp-json\/wp\/v2\/pages"}],"about":[{"href":"https:\/\/atelier-cric-automata.com\/index.php\/wp-json\/wp\/v2\/types\/page"}],"author":[{"embeddable":true,"href":"https:\/\/atelier-cric-automata.com\/index.php\/wp-json\/wp\/v2\/users\/1"}],"replies":[{"embeddable":true,"href":"https:\/\/atelier-cric-automata.com\/index.php\/wp-json\/wp\/v2\/comments?post=332"}],"version-history":[{"count":84,"href":"https:\/\/atelier-cric-automata.com\/index.php\/wp-json\/wp\/v2\/pages\/332\/revisions"}],"predecessor-version":[{"id":4475,"href":"https:\/\/atelier-cric-automata.com\/index.php\/wp-json\/wp\/v2\/pages\/332\/revisions\/4475"}],"wp:attachment":[{"href":"https:\/\/atelier-cric-automata.com\/index.php\/wp-json\/wp\/v2\/media?parent=332"}],"curies":[{"name":"wp","href":"https:\/\/api.w.org\/{rel}","templated":true}]}}