{"id":4331,"date":"2025-01-11T17:26:39","date_gmt":"2025-01-11T16:26:39","guid":{"rendered":"https:\/\/atelier-cric-automata.com\/?page_id=4331"},"modified":"2025-01-18T19:08:12","modified_gmt":"2025-01-18T18:08:12","slug":"marionnettes-en-vente","status":"publish","type":"page","link":"https:\/\/atelier-cric-automata.com\/index.php\/marionnettes-en-vente\/","title":{"rendered":"Marionnettes en vente"},"content":{"rendered":"\n<div class=\"wp-block-uagb-advanced-heading uagb-block-adaf5179\"><h2 class=\"uagb-heading-text\">Marionnettes en vente<\/h2><\/div>\n\n\n\n<div style=\"height:50px\" aria-hidden=\"true\" class=\"wp-block-spacer\"><\/div>\n\n\n\n<p class=\"has-colibri-color-6-color has-text-color has-link-color wp-elements-4420b6c1431b9fcc6c92855634075017\">Je fabrique principalement des marionnettes \u00e0 gaine (compos\u00e9es d\u2019une t\u00eate fix\u00e9e sur une gaine ou sur un gant dans lequel on enfile sa main ou son doigt) ou de type marotte (dont la t\u00eate est fix\u00e9e sur un bout de bois) : sculpture, moulage, peinture et couture. Je r\u00e9alise aussi les d\u00e9cors pour des spectacles de marionnettes. Mes cr\u00e9ations peuvent n\u00e9cessiter entre 2h et 30h de travail et sont labellis\u00e9es <a href=\"https:\/\/atelier-cric-automata.com\/index.php\/fabrique-a-lyon\/\">\u00ab&nbsp;fabriqu\u00e9es \u00e0 Lyon&nbsp;\u00bb<\/a> en 2025.<\/p>\n\n\n\n<p class=\"has-colibri-color-6-color has-text-color has-link-color wp-elements-9191e2d957b4595332aa7d7ac1dec560\">J\u2019utilise uniquement des mat\u00e9riaux issus de fournisseurs fran\u00e7ais : r\u00e9sine, latex, peinture\u2026mais \u00e9galement des tissus issus de recyclage textile. Tout est cr\u00e9\u00e9 dans mon atelier, \u00e0 Lyon, et certaines marionnettes sont num\u00e9rot\u00e9es et uniques.<\/p>\n\n\n\n<div style=\"height:50px\" aria-hidden=\"true\" class=\"wp-block-spacer\"><\/div>\n\n\n\n<div class=\"wp-block-uagb-advanced-heading uagb-block-a2a4e838\"><h4 class=\"uagb-heading-text\">Mod\u00e8les de marionnettes en vente :<\/h4><\/div>\n\n\n\n<div style=\"height:20px\" aria-hidden=\"true\" class=\"wp-block-spacer\"><\/div>\n\n\n\n<div class=\"wp-block-uagb-restaurant-menu uagb-block-b78f079b uagb-rm__desk-column-1 uagb-rm__tablet-column-2 uagb-rm__mobile-column-1\">\n<div class=\"wp-block-uagb-restaurant-menu-child uagb-rest_menu__wrap\"><div class=\"uagb-rm__content\"><img decoding=\"async\" class=\"\" src=\"http:\/\/atelier-cric-automata.com\/wp-content\/uploads\/2025\/01\/Vente-marionnette-doigt-300x300.jpg\" alt=\"Marionnette \u00e0 doigt grenouille\" width=\"100\" height=\"100\" loading=\"lazy\"\/><div class=\"uagb-rm-details\"><h4 class=\"uagb-rm__title\">Marionnettes de doigt<\/h4><div class=\"uagb-rm__desc\"><br>L&#8217;univers des contes : les trois petits cochon, le petit chaperon rouge, prince grenouille, lutin, elfe et licorne, Alice au pays des merveilles&#8230;<br>T\u00eate en r\u00e9sine. Hauteur de la marionnette : 10 cm environ.<br><\/div><\/div><span class=\"uagb-rm__price\">40\u20ac<\/span><\/div><div class=\"uagb-rm__separator\"><\/div><\/div>\n\n\n\n<div class=\"wp-block-uagb-restaurant-menu-child uagb-rest_menu__wrap\"><div class=\"uagb-rm__content\"><img decoding=\"async\" class=\"\" src=\"http:\/\/atelier-cric-automata.com\/wp-content\/uploads\/2023\/12\/cropped-Nouveaute-decembre-2023-300x300.jpg\" alt=\"Nouvelle marionnette arlequin\" width=\"100\" height=\"100\" loading=\"lazy\"\/><div class=\"uagb-rm-details\"><h4 class=\"uagb-rm__title\">Marionnettes \u00e0 double gaine<\/h4><div class=\"uagb-rm__desc\">Les arlequins : diff\u00e9rents coloris.<br>T\u00eate, mains et pieds en latex. Hauteur de la marionnette : 50cm.<br><\/div><\/div><span class=\"uagb-rm__price\">120\u20ac<\/span><\/div><div class=\"uagb-rm__separator\"><\/div><\/div>\n\n\n\n<div class=\"wp-block-uagb-restaurant-menu-child uagb-rest_menu__wrap\"><div class=\"uagb-rm__content\"><img decoding=\"async\" class=\"\" src=\"http:\/\/atelier-cric-automata.com\/wp-content\/uploads\/2023\/09\/Accueil-Galerie-Photos-Polichinelle-300x300.png\" alt=\"Marionnette Polichinelle\" width=\"100\" height=\"100\" loading=\"lazy\"\/><div class=\"uagb-rm-details\"><h4 class=\"uagb-rm__title\">Grandes marionnettes \u00e0 gaine<\/h4><div class=\"uagb-rm__desc\">Les polichinelles : diff\u00e9rents mod\u00e8les et coloris.<br>T\u00eate et mains en latex sur gaine. Hauteur de la marionnette : 80cm.<br><\/div><\/div><span class=\"uagb-rm__price\">140\u20ac<\/span><\/div><div class=\"uagb-rm__separator\"><\/div><\/div>\n\n\n\n<div class=\"wp-block-uagb-restaurant-menu-child uagb-rest_menu__wrap\"><div class=\"uagb-rm__content\"><img decoding=\"async\" class=\"\" src=\"http:\/\/atelier-cric-automata.com\/wp-content\/uploads\/2024\/07\/Creation-3-gones-300x300.jpg\" alt=\"Marotte Guignol, Gnafron et Gendarme\" width=\"100\" height=\"100\" loading=\"lazy\"\/><div class=\"uagb-rm-details\"><h4 class=\"uagb-rm__title\">Marottes Prestiges (pack)<\/h4><div class=\"uagb-rm__desc\">12 packs diff\u00e9rents et uniques de 1, 2 ou 3 marionnettes : Rom\u00e9o et Juliette, Frida, les 3 g\u00f4nes, le Dragon de la for\u00eat, le Petit Chaperon Rouge, le Leviathan, le Bouffon du Roi, Alice au Pays des Merveilles, le Diable&#8230; <br>Chaque marionnette est num\u00e9rot\u00e9e, les \u00e9crins faits sur mesure par la soci\u00e9t\u00e9 Ann\u2019Artiste.<br>T\u00eate en argile polym\u00e8re, mont\u00e9e sur un manche en bois.<\/div><\/div><span class=\"uagb-rm__price\">A partir de 250\u20ac<\/span><\/div><div class=\"uagb-rm__separator\"><\/div><\/div>\n<\/div>\n\n\n\n<div style=\"height:50px\" aria-hidden=\"true\" class=\"wp-block-spacer\"><\/div>\n\n\n\n<div class=\"wp-block-uagb-advanced-heading uagb-block-ece7ec91\"><h4 class=\"uagb-heading-text\">Boutique en ligne<\/h4><\/div>\n\n\n\n<div style=\"height:20px\" aria-hidden=\"true\" class=\"wp-block-spacer\"><\/div>\n\n\n\n<div class=\"wp-block-columns is-layout-flex wp-container-core-columns-is-layout-9d6595d7 wp-block-columns-is-layout-flex\">\n<div class=\"wp-block-column is-vertically-aligned-center is-layout-flow wp-block-column-is-layout-flow\" style=\"flex-basis:66.66%\">\n<p class=\"has-colibri-color-6-color has-text-color has-link-color wp-elements-d07e93989ea36b6a0b2f18872a20bbe5\">Les marionnettes que je fabrique sont propos\u00e9es \u00e0 la vente, pour des collectionneurs ou des compagnies, mais aussi pour des particuliers. Vous pouvez les retrouver \u00e0 l&#8217;achat sur ma boutique Etsy !<\/p>\n<\/div>\n\n\n\n<div class=\"wp-block-column is-vertically-aligned-center is-layout-flow wp-block-column-is-layout-flow\" style=\"flex-basis:33.33%\">\n<div class=\"wp-block-uagb-buttons uagb-buttons__outer-wrap uagb-btn__default-btn uagb-btn-tablet__default-btn uagb-btn-mobile__default-btn uagb-block-d739ebdd\"><div class=\"uagb-buttons__wrap uagb-buttons-layout-wrap \">\n<div class=\"wp-block-uagb-buttons-child uagb-buttons__outer-wrap uagb-block-03a96a84 wp-block-button\"><div class=\"uagb-button__wrapper\"><a class=\"uagb-buttons-repeater wp-block-button__link\" aria-label=\"\" href=\"https:\/\/www.etsy.com\/shop\/ateliercricautomata\/?etsrc=sdt\" rel=\"follow noopener\" target=\"_blank\" role=\"button\"><div class=\"uagb-button__link\">Acc\u00e9der \u00e0 la boutique Esty<\/div><span class=\"uagb-button__icon uagb-button__icon-position-after\"><svg xmlns=\"https:\/\/www.w3.org\/2000\/svg\" viewBox=\"0 0 448 512\" aria-hidden=\"true\" focussable=\"false\"><path d=\"M256 64C256 46.33 270.3 32 288 32H415.1C415.1 32 415.1 32 415.1 32C420.3 32 424.5 32.86 428.2 34.43C431.1 35.98 435.5 38.27 438.6 41.3C438.6 41.35 438.6 41.4 438.7 41.44C444.9 47.66 447.1 55.78 448 63.9C448 63.94 448 63.97 448 64V192C448 209.7 433.7 224 416 224C398.3 224 384 209.7 384 192V141.3L214.6 310.6C202.1 323.1 181.9 323.1 169.4 310.6C156.9 298.1 156.9 277.9 169.4 265.4L338.7 96H288C270.3 96 256 81.67 256 64V64zM0 128C0 92.65 28.65 64 64 64H160C177.7 64 192 78.33 192 96C192 113.7 177.7 128 160 128H64V416H352V320C352 302.3 366.3 288 384 288C401.7 288 416 302.3 416 320V416C416 451.3 387.3 480 352 480H64C28.65 480 0 451.3 0 416V128z\"><\/path><\/svg><\/span><\/a><\/div><\/div>\n<\/div><\/div>\n<\/div>\n<\/div>\n\n\n\n<div style=\"height:50px\" aria-hidden=\"true\" class=\"wp-block-spacer\"><\/div>\n\n\n\n<p class=\"has-colibri-color-6-color has-text-color has-link-color wp-elements-be0b249abec672bf480750f0882a8352\"><br>Je peux \u00e9galement cr\u00e9er des marionnettes sur commande. Je reste \u00e0 l\u2019\u00e9coute de mes clients, et je travaille en suivant un cahier des charges que nous avons \u00e9tabli ensemble. J\u2019\u00e9tudie toutes les demandes, alors <a href=\"https:\/\/atelier-cric-automata.com\/index.php\/contact\/\">contactez-moi<\/a> pour me soumettre votre projet !<\/p>\n\n\n\n<div style=\"height:50px\" aria-hidden=\"true\" class=\"wp-block-spacer\"><\/div>\n","protected":false},"excerpt":{"rendered":"<p>Marionnettes en vente Je fabrique principalement des marionnettes \u00e0 gaine (compos\u00e9es d\u2019une t\u00eate fix\u00e9e sur une gaine ou sur un gant dans lequel on enfile sa main ou son doigt) ou de type marotte (dont la t\u00eate est fix\u00e9e sur un bout de bois) : sculpture, moulage, peinture et couture. Je r\u00e9alise aussi les d\u00e9cors [&hellip;]<\/p>\n","protected":false},"author":1,"featured_media":0,"parent":0,"menu_order":0,"comment_status":"closed","ping_status":"closed","template":"","meta":{"_uag_custom_page_level_css":"","footnotes":""},"class_list":["post-4331","page","type-page","status-publish","hentry"],"yoast_head":"<!-- This site is optimized with the Yoast SEO plugin v27.5 - https:\/\/yoast.com\/product\/yoast-seo-wordpress\/ -->\n<title>Marionnettes en vente - Atelier Cric Automata<\/title>\n<meta name=\"description\" content=\"Les marionnettes que je fabrique sont propos\u00e9es \u00e0 la vente. Vous pouvez les retrouver \u00e0 l&#039;achat sur ma boutique Etsy...\" \/>\n<meta name=\"robots\" content=\"index, follow, max-snippet:-1, max-image-preview:large, max-video-preview:-1\" \/>\n<link rel=\"canonical\" href=\"https:\/\/atelier-cric-automata.com\/index.php\/marionnettes-en-vente\/\" \/>\n<meta property=\"og:locale\" content=\"en_US\" \/>\n<meta property=\"og:type\" content=\"article\" \/>\n<meta property=\"og:title\" content=\"Marionnettes en vente - Atelier Cric Automata\" \/>\n<meta property=\"og:description\" content=\"Les marionnettes que je fabrique sont propos\u00e9es \u00e0 la vente. Vous pouvez les retrouver \u00e0 l&#039;achat sur ma boutique Etsy...\" \/>\n<meta property=\"og:url\" content=\"https:\/\/atelier-cric-automata.com\/index.php\/marionnettes-en-vente\/\" \/>\n<meta property=\"og:site_name\" content=\"Atelier Cric Automata\" \/>\n<meta property=\"article:modified_time\" content=\"2025-01-18T18:08:12+00:00\" \/>\n<meta property=\"og:image\" content=\"http:\/\/atelier-cric-automata.com\/wp-content\/uploads\/2025\/01\/Vente-marionnette-doigt-300x300.jpg\" \/>\n<meta name=\"twitter:card\" content=\"summary_large_image\" \/>\n<meta name=\"twitter:label1\" content=\"Est. reading time\" \/>\n\t<meta name=\"twitter:data1\" content=\"3 minutes\" \/>\n<script type=\"application\/ld+json\" class=\"yoast-schema-graph\">{\"@context\":\"https:\\\/\\\/schema.org\",\"@graph\":[{\"@type\":\"WebPage\",\"@id\":\"https:\\\/\\\/atelier-cric-automata.com\\\/index.php\\\/marionnettes-en-vente\\\/\",\"url\":\"https:\\\/\\\/atelier-cric-automata.com\\\/index.php\\\/marionnettes-en-vente\\\/\",\"name\":\"Marionnettes en vente - Atelier Cric Automata\",\"isPartOf\":{\"@id\":\"https:\\\/\\\/atelier-cric-automata.com\\\/#website\"},\"primaryImageOfPage\":{\"@id\":\"https:\\\/\\\/atelier-cric-automata.com\\\/index.php\\\/marionnettes-en-vente\\\/#primaryimage\"},\"image\":{\"@id\":\"https:\\\/\\\/atelier-cric-automata.com\\\/index.php\\\/marionnettes-en-vente\\\/#primaryimage\"},\"thumbnailUrl\":\"http:\\\/\\\/atelier-cric-automata.com\\\/wp-content\\\/uploads\\\/2025\\\/01\\\/Vente-marionnette-doigt-300x300.jpg\",\"datePublished\":\"2025-01-11T16:26:39+00:00\",\"dateModified\":\"2025-01-18T18:08:12+00:00\",\"description\":\"Les marionnettes que je fabrique sont propos\u00e9es \u00e0 la vente. Vous pouvez les retrouver \u00e0 l'achat sur ma boutique Etsy...\",\"breadcrumb\":{\"@id\":\"https:\\\/\\\/atelier-cric-automata.com\\\/index.php\\\/marionnettes-en-vente\\\/#breadcrumb\"},\"inLanguage\":\"en-US\",\"potentialAction\":[{\"@type\":\"ReadAction\",\"target\":[\"https:\\\/\\\/atelier-cric-automata.com\\\/index.php\\\/marionnettes-en-vente\\\/\"]}]},{\"@type\":\"ImageObject\",\"inLanguage\":\"en-US\",\"@id\":\"https:\\\/\\\/atelier-cric-automata.com\\\/index.php\\\/marionnettes-en-vente\\\/#primaryimage\",\"url\":\"http:\\\/\\\/atelier-cric-automata.com\\\/wp-content\\\/uploads\\\/2025\\\/01\\\/Vente-marionnette-doigt-300x300.jpg\",\"contentUrl\":\"http:\\\/\\\/atelier-cric-automata.com\\\/wp-content\\\/uploads\\\/2025\\\/01\\\/Vente-marionnette-doigt-300x300.jpg\"},{\"@type\":\"BreadcrumbList\",\"@id\":\"https:\\\/\\\/atelier-cric-automata.com\\\/index.php\\\/marionnettes-en-vente\\\/#breadcrumb\",\"itemListElement\":[{\"@type\":\"ListItem\",\"position\":1,\"name\":\"Accueil\",\"item\":\"https:\\\/\\\/atelier-cric-automata.com\\\/\"},{\"@type\":\"ListItem\",\"position\":2,\"name\":\"Marionnettes en vente\"}]},{\"@type\":\"WebSite\",\"@id\":\"https:\\\/\\\/atelier-cric-automata.com\\\/#website\",\"url\":\"https:\\\/\\\/atelier-cric-automata.com\\\/\",\"name\":\"Atelier Cric Automata\",\"description\":\"Restauration d&#039;automates et marionnettes\",\"publisher\":{\"@id\":\"https:\\\/\\\/atelier-cric-automata.com\\\/#organization\"},\"potentialAction\":[{\"@type\":\"SearchAction\",\"target\":{\"@type\":\"EntryPoint\",\"urlTemplate\":\"https:\\\/\\\/atelier-cric-automata.com\\\/?s={search_term_string}\"},\"query-input\":{\"@type\":\"PropertyValueSpecification\",\"valueRequired\":true,\"valueName\":\"search_term_string\"}}],\"inLanguage\":\"en-US\"},{\"@type\":\"Organization\",\"@id\":\"https:\\\/\\\/atelier-cric-automata.com\\\/#organization\",\"name\":\"Atelier Cric Automata\",\"url\":\"https:\\\/\\\/atelier-cric-automata.com\\\/\",\"logo\":{\"@type\":\"ImageObject\",\"inLanguage\":\"en-US\",\"@id\":\"https:\\\/\\\/atelier-cric-automata.com\\\/#\\\/schema\\\/logo\\\/image\\\/\",\"url\":\"https:\\\/\\\/atelier-cric-automata.com\\\/wp-content\\\/uploads\\\/2025\\\/02\\\/Logo-blanc-Test-2025-BLANC.png\",\"contentUrl\":\"https:\\\/\\\/atelier-cric-automata.com\\\/wp-content\\\/uploads\\\/2025\\\/02\\\/Logo-blanc-Test-2025-BLANC.png\",\"width\":2034,\"height\":763,\"caption\":\"Atelier Cric Automata\"},\"image\":{\"@id\":\"https:\\\/\\\/atelier-cric-automata.com\\\/#\\\/schema\\\/logo\\\/image\\\/\"}}]}<\/script>\n<!-- \/ Yoast SEO plugin. -->","yoast_head_json":{"title":"Marionnettes en vente - Atelier Cric Automata","description":"Les marionnettes que je fabrique sont propos\u00e9es \u00e0 la vente. Vous pouvez les retrouver \u00e0 l'achat sur ma boutique Etsy...","robots":{"index":"index","follow":"follow","max-snippet":"max-snippet:-1","max-image-preview":"max-image-preview:large","max-video-preview":"max-video-preview:-1"},"canonical":"https:\/\/atelier-cric-automata.com\/index.php\/marionnettes-en-vente\/","og_locale":"en_US","og_type":"article","og_title":"Marionnettes en vente - Atelier Cric Automata","og_description":"Les marionnettes que je fabrique sont propos\u00e9es \u00e0 la vente. Vous pouvez les retrouver \u00e0 l'achat sur ma boutique Etsy...","og_url":"https:\/\/atelier-cric-automata.com\/index.php\/marionnettes-en-vente\/","og_site_name":"Atelier Cric Automata","article_modified_time":"2025-01-18T18:08:12+00:00","og_image":[{"url":"http:\/\/atelier-cric-automata.com\/wp-content\/uploads\/2025\/01\/Vente-marionnette-doigt-300x300.jpg","type":"","width":"","height":""}],"twitter_card":"summary_large_image","twitter_misc":{"Est. reading time":"3 minutes"},"schema":{"@context":"https:\/\/schema.org","@graph":[{"@type":"WebPage","@id":"https:\/\/atelier-cric-automata.com\/index.php\/marionnettes-en-vente\/","url":"https:\/\/atelier-cric-automata.com\/index.php\/marionnettes-en-vente\/","name":"Marionnettes en vente - Atelier Cric Automata","isPartOf":{"@id":"https:\/\/atelier-cric-automata.com\/#website"},"primaryImageOfPage":{"@id":"https:\/\/atelier-cric-automata.com\/index.php\/marionnettes-en-vente\/#primaryimage"},"image":{"@id":"https:\/\/atelier-cric-automata.com\/index.php\/marionnettes-en-vente\/#primaryimage"},"thumbnailUrl":"http:\/\/atelier-cric-automata.com\/wp-content\/uploads\/2025\/01\/Vente-marionnette-doigt-300x300.jpg","datePublished":"2025-01-11T16:26:39+00:00","dateModified":"2025-01-18T18:08:12+00:00","description":"Les marionnettes que je fabrique sont propos\u00e9es \u00e0 la vente. Vous pouvez les retrouver \u00e0 l'achat sur ma boutique Etsy...","breadcrumb":{"@id":"https:\/\/atelier-cric-automata.com\/index.php\/marionnettes-en-vente\/#breadcrumb"},"inLanguage":"en-US","potentialAction":[{"@type":"ReadAction","target":["https:\/\/atelier-cric-automata.com\/index.php\/marionnettes-en-vente\/"]}]},{"@type":"ImageObject","inLanguage":"en-US","@id":"https:\/\/atelier-cric-automata.com\/index.php\/marionnettes-en-vente\/#primaryimage","url":"http:\/\/atelier-cric-automata.com\/wp-content\/uploads\/2025\/01\/Vente-marionnette-doigt-300x300.jpg","contentUrl":"http:\/\/atelier-cric-automata.com\/wp-content\/uploads\/2025\/01\/Vente-marionnette-doigt-300x300.jpg"},{"@type":"BreadcrumbList","@id":"https:\/\/atelier-cric-automata.com\/index.php\/marionnettes-en-vente\/#breadcrumb","itemListElement":[{"@type":"ListItem","position":1,"name":"Accueil","item":"https:\/\/atelier-cric-automata.com\/"},{"@type":"ListItem","position":2,"name":"Marionnettes en vente"}]},{"@type":"WebSite","@id":"https:\/\/atelier-cric-automata.com\/#website","url":"https:\/\/atelier-cric-automata.com\/","name":"Atelier Cric Automata","description":"Restauration d&#039;automates et marionnettes","publisher":{"@id":"https:\/\/atelier-cric-automata.com\/#organization"},"potentialAction":[{"@type":"SearchAction","target":{"@type":"EntryPoint","urlTemplate":"https:\/\/atelier-cric-automata.com\/?s={search_term_string}"},"query-input":{"@type":"PropertyValueSpecification","valueRequired":true,"valueName":"search_term_string"}}],"inLanguage":"en-US"},{"@type":"Organization","@id":"https:\/\/atelier-cric-automata.com\/#organization","name":"Atelier Cric Automata","url":"https:\/\/atelier-cric-automata.com\/","logo":{"@type":"ImageObject","inLanguage":"en-US","@id":"https:\/\/atelier-cric-automata.com\/#\/schema\/logo\/image\/","url":"https:\/\/atelier-cric-automata.com\/wp-content\/uploads\/2025\/02\/Logo-blanc-Test-2025-BLANC.png","contentUrl":"https:\/\/atelier-cric-automata.com\/wp-content\/uploads\/2025\/02\/Logo-blanc-Test-2025-BLANC.png","width":2034,"height":763,"caption":"Atelier Cric Automata"},"image":{"@id":"https:\/\/atelier-cric-automata.com\/#\/schema\/logo\/image\/"}}]}},"uagb_featured_image_src":{"full":false,"thumbnail":false,"medium":false,"medium_large":false,"large":false,"1536x1536":false,"2048x2048":false},"uagb_author_info":{"display_name":"admin6393","author_link":"https:\/\/atelier-cric-automata.com\/index.php\/author\/admin6393\/"},"uagb_comment_info":0,"uagb_excerpt":"Marionnettes en vente Je fabrique principalement des marionnettes \u00e0 gaine (compos\u00e9es d\u2019une t\u00eate fix\u00e9e sur une gaine ou sur un gant dans lequel on enfile sa main ou son doigt) ou de type marotte (dont la t\u00eate est fix\u00e9e sur un bout de bois) : sculpture, moulage, peinture et couture. Je r\u00e9alise aussi les d\u00e9cors&hellip;","_links":{"self":[{"href":"https:\/\/atelier-cric-automata.com\/index.php\/wp-json\/wp\/v2\/pages\/4331","targetHints":{"allow":["GET"]}}],"collection":[{"href":"https:\/\/atelier-cric-automata.com\/index.php\/wp-json\/wp\/v2\/pages"}],"about":[{"href":"https:\/\/atelier-cric-automata.com\/index.php\/wp-json\/wp\/v2\/types\/page"}],"author":[{"embeddable":true,"href":"https:\/\/atelier-cric-automata.com\/index.php\/wp-json\/wp\/v2\/users\/1"}],"replies":[{"embeddable":true,"href":"https:\/\/atelier-cric-automata.com\/index.php\/wp-json\/wp\/v2\/comments?post=4331"}],"version-history":[{"count":53,"href":"https:\/\/atelier-cric-automata.com\/index.php\/wp-json\/wp\/v2\/pages\/4331\/revisions"}],"predecessor-version":[{"id":4512,"href":"https:\/\/atelier-cric-automata.com\/index.php\/wp-json\/wp\/v2\/pages\/4331\/revisions\/4512"}],"wp:attachment":[{"href":"https:\/\/atelier-cric-automata.com\/index.php\/wp-json\/wp\/v2\/media?parent=4331"}],"curies":[{"name":"wp","href":"https:\/\/api.w.org\/{rel}","templated":true}]}}